{"id":2,"date":"2024-04-01T16:51:32","date_gmt":"2024-04-01T16:51:32","guid":{"rendered":"https:\/\/www.escueladetaichicenit.com\/blog\/?page_id=2"},"modified":"2024-04-12T15:47:13","modified_gmt":"2024-04-12T15:47:13","slug":"sample-page","status":"publish","type":"page","link":"https:\/\/www.escueladetaichicenit.com\/blog\/sample-page\/","title":{"rendered":"Sobre nosotros"},"content":{"rendered":"\n<p>Somos profesores con muchos a\u00f1os de experiencia, tanto en la pr\u00e1ctica como en la ense\u00f1anza del Tai Chi y el Chi Kung. \u00bfQuieres conocernos un poco mejor?<\/p>\n\n\n\n<h2 class=\"wp-block-heading has-text-align-center\">ACERCA DE LA ESCUELA C\u00c9NIT<\/h2>\n\n\n\n<p><strong>La Escuela de Taichi C\u00e9nit<\/strong>&nbsp;est\u00e1 formada por Daniel Risue\u00f1o, fundador y profesor principal, con la colaboraci\u00f3n de Jos\u00e9 Luis Risue\u00f1o. Ambos son profesores de Taichi desde hace a\u00f1os y cuentan con una dilatada experiencia tanto en Taichi Chuan como en Chi Kung.<\/p>\n\n\n\n<p>Juntos han creado una variedad de Taichi en el proyecto que han denominado&nbsp;<strong>Taichi Para Todos,<\/strong>&nbsp;dirigida a que todas las personas, con independencia de su estado de salud, puedan practicar esta actividad tan interesante como necesaria, para mejorar la salud, tanto a nivel emocional, como f\u00edsica y mental. Estas practicas son recomendables tambi\u00e9n para personas con reducci\u00f3n de movilidad, incluso, para las que utilicen silla de ruedas o muletas, andadores, etc para caminar. Con los ejercicios dise\u00f1ados en estas clases, los alumnos consiguen mejoras muy significativas.<\/p>\n\n\n\n<h2 class=\"wp-block-heading has-text-align-center\">LOS PROFESORES<\/h2>\n\n\n\n<p class=\"has-large-font-size\"><u><strong>Daniel Risue\u00f1o<\/strong><\/u><\/p>\n\n\n\n<p>Empec\u00e9 a practicar Tai Chi a los 24 a\u00f1os. Tras aprender, practicar y estudiar mucho, me di cuenta de que el Tai Chi y el Chi Kung son herramientas muy poderosas para conocerse a uno mismo y para desarrollarse.<\/p>\n\n\n\n<p>En el a\u00f1o 2022 decid\u00ed dar un giro a mi vida profesional para ense\u00f1ar Tai Chi y Chi Kung de una manera divertida, pero profunda, poniendo siempre el foco en la veracidad y utilidad de lo que ense\u00f1o, y en el bienestar y el progreso de mis alumnos y alumnas.<\/p>\n\n\n\n<blockquote class=\"wp-block-quote is-style-plain is-layout-flow wp-block-quote-is-layout-flow\">\n<p class=\"has-text-color has-link-color wp-elements-a7755b89c5420b651a86b24f5836eca5\" style=\"color:#e63407\">El Tai Chi para la Salud me encanta, pero mi pasi\u00f3n es el Tai Chi de combate. Por ahora no lo imparto como clases, pero en un futuro, qui\u00e9n sabe&#8230;<\/p>\n<\/blockquote>\n\n\n\n<p class=\"has-large-font-size\"><u><strong>Jos\u00e9 Luis Risue\u00f1o<\/strong><\/u><\/p>\n\n\n\n<p>Cuando empec\u00e9 a practicar Taichi ten\u00eda muchos problemas con mis rodillas: debido a que tengo rotura de los meniscos de ambas piernas, se me inflamaban constantemente ante cualquier esfuerzo (subiendo escaleras, agach\u00e1ndome, etc). Por lo tanto, la falta de salud fue lo que me llev\u00f3 a practicar esta actividad y con ella, cambi\u00f3 mi vida, no s\u00f3lo a nivel de movilidad, sino que las mejoras fueron globales.<\/p>\n\n\n\n<p>Al estar sensibilizado con las personas que tienen reducci\u00f3n de movilidad o padecen de dolores f\u00edsicos, en el a\u00f1o 2019 decid\u00ed investigar acerca de distintas t\u00e9cnicas especiales de Taichi y Chi Kung que pudieran ser aplicadas a personas con problemas de salud, con la intenci\u00f3n de mejorar en todo lo posible su bienestar.<\/p>\n\n\n\n<blockquote class=\"wp-block-quote is-style-plain is-layout-flow wp-block-quote-is-layout-flow\">\n<p class=\"has-text-color has-link-color wp-elements-7212473e70c96b2c153421350cbb0fb6\" style=\"color:#23b805\">El Tai Chi de modalidad terap\u00e9utica es mi especialidad; por esa raz\u00f3n inici\u00e9 al proyecto llamado \u00abTai Chi para Todos\u00bb.<\/p>\n<\/blockquote>\n\n\n\n<div style=\"height:57px\" aria-hidden=\"true\" class=\"wp-block-spacer\"><\/div>\n\n\n\n<h2 class=\"wp-block-heading has-text-align-center has-x-large-font-size\">Contacta con nosotros<\/h2>\n\n\n\n<p>\u00a1Puedes hablar con nosotros cuando quieras! Para preguntarnos cualquier duda sobre nuestras clases, nuestros contenidos, horarios, precios&#8230; <\/p>\n\n\n\n<p>Whatsapp: 603 16 03 92<\/p>\n\n\n\n<p>E-mail: gestionasercom@gmail.com<\/p>\n\n\n\n<p><\/p>\n","protected":false},"excerpt":{"rendered":"<p>Somos profesores con muchos a\u00f1os de experiencia, tanto en la pr\u00e1ctica como en la ense\u00f1anza del Tai Chi y el Chi Kung. \u00bfQuieres conocernos un poco mejor? ACERCA DE LA ESCUELA C\u00c9NIT La Escuela de Taichi C\u00e9nit&nbsp;est\u00e1 formada por Daniel Risue\u00f1o, fundador y profesor principal, con la colaboraci\u00f3n de Jos\u00e9 Luis Risue\u00f1o. Ambos son profesores [&hellip;]<\/p>\n","protected":false},"author":1,"featured_media":0,"parent":0,"menu_order":0,"comment_status":"closed","ping_status":"open","template":"","meta":{"jetpack_post_was_ever_published":false,"footnotes":""},"class_list":["post-2","page","type-page","status-publish","hentry"],"jetpack_sharing_enabled":true,"rttpg_featured_image_url":null,"rttpg_author":{"display_name":"Daniel Risueno","author_link":"https:\/\/www.escueladetaichicenit.com\/blog\/author\/daniel-risueno\/"},"rttpg_comment":0,"rttpg_category":null,"rttpg_excerpt":"Somos profesores con muchos a\u00f1os de experiencia, tanto en la pr\u00e1ctica como en la ense\u00f1anza del Tai Chi y el Chi Kung. \u00bfQuieres conocernos un poco mejor? ACERCA DE LA ESCUELA C\u00c9NIT La Escuela de Taichi C\u00e9nit&nbsp;est\u00e1 formada por Daniel Risue\u00f1o, fundador y profesor principal, con la colaboraci\u00f3n de Jos\u00e9 Luis Risue\u00f1o. Ambos son profesores&hellip;","_links":{"self":[{"href":"https:\/\/www.escueladetaichicenit.com\/blog\/wp-json\/wp\/v2\/pages\/2","targetHints":{"allow":["GET"]}}],"collection":[{"href":"https:\/\/www.escueladetaichicenit.com\/blog\/wp-json\/wp\/v2\/pages"}],"about":[{"href":"https:\/\/www.escueladetaichicenit.com\/blog\/wp-json\/wp\/v2\/types\/page"}],"author":[{"embeddable":true,"href":"https:\/\/www.escueladetaichicenit.com\/blog\/wp-json\/wp\/v2\/users\/1"}],"replies":[{"embeddable":true,"href":"https:\/\/www.escueladetaichicenit.com\/blog\/wp-json\/wp\/v2\/comments?post=2"}],"version-history":[{"count":3,"href":"https:\/\/www.escueladetaichicenit.com\/blog\/wp-json\/wp\/v2\/pages\/2\/revisions"}],"predecessor-version":[{"id":18,"href":"https:\/\/www.escueladetaichicenit.com\/blog\/wp-json\/wp\/v2\/pages\/2\/revisions\/18"}],"wp:attachment":[{"href":"https:\/\/www.escueladetaichicenit.com\/blog\/wp-json\/wp\/v2\/media?parent=2"}],"curies":[{"name":"wp","href":"https:\/\/api.w.org\/{rel}","templated":true}]}}